  {"id":2664,"date":"2025-05-18T03:05:12","date_gmt":"2025-05-18T03:05:12","guid":{"rendered":"https:\/\/tmeic.com\/?page_id=2664"},"modified":"2025-06-04T23:41:15","modified_gmt":"2025-06-04T23:41:15","slug":"politica-de-adquisiciones","status":"publish","type":"page","link":"https:\/\/www.tmeic.com\/es\/politica-de-adquisiciones\/","title":{"rendered":"Pol\u00edtica de Abastecimiento"},"content":{"rendered":"\n<p>Pol\u00edtica de Abastecimiento<\/p>\n\n<p><strong>Grupo TMEIC SOC<\/strong> <\/p>\n\n<p>1. Cumplimiento de las leyes y reglamentos aplicables en vigor en Jap\u00f3n y en el extranjero.  <br\/>Las actividades de adquisici\u00f3n de TMEIC se llevan a cabo en estricto cumplimiento de las leyes, reglamentos y normas sociales que rigen en cualquier pa\u00eds o regi\u00f3n donde adquiera bienes y servicios.  <\/p>\n\n<p>2. Promoci\u00f3n de Transacciones Justas y Abiertas.  <br\/>Tanto internamente como en el extranjero, TMEIC garantiza oportunidades justas para las transacciones con los proveedores y adquiere materiales bas\u00e1ndose en evaluaciones imparciales. <\/p>\n\n<p>3. Fortalecimiento de los v\u00ednculos con los socios de abastecimiento. <br\/>TMEIC se esfuerza por crear y desarrollar asociaciones ideales con sus proveedores nacionales y extranjeros, basadas en el entendimiento mutuo y la confianza. <\/p>\n\n<p>4. Promoci\u00f3n de Actividades de abastecimiento con la Debida Consideraci\u00f3n del Medio Ambiente. <br\/>Para crear productos armonizados con el medio ambiente, TMEIC selecciona materiales de baja carga medioambiental (abastecimiento ecol\u00f3gico) y promueve actividades de abastecimiento teniendo debidamente en cuenta el medio ambiente. <\/p>\n\n<p><strong>C\u00f3digo de conducta de los directivos y empleados del Grupo TMEIC<\/strong> <\/p>\n\n<p>1. Damos prioridad como proveedores a las empresas que cumplen las condiciones que se indican a continuaci\u00f3n.  <\/p>\n\n<ul class=\"wp-block-list\">\n<li>Obedecer las leyes y las normas sociales, teniendo en cuenta los derechos humanos, las condiciones laborales, la salud y la seguridad, y el medio ambiente. <\/li>\n<\/ul>\n\n<ul class=\"wp-block-list\">\n<li>Garantizar la solidez de la gesti\u00f3n  <\/li>\n<\/ul>\n\n<ul class=\"wp-block-list\">\n<li>La calidad, el precio y la fecha de entrega de los materiales y servicios que se suministran al Grupo TMEIC est\u00e1n a un nivel adecuado.  <\/li>\n<\/ul>\n\n<ul class=\"wp-block-list\">\n<li>Tener capacidad de suministro estable y responsabilidad flexible ante las variaciones de la oferta y la demanda.  <\/li>\n<\/ul>\n\n<ul class=\"wp-block-list\">\n<li>Tener capacidad t\u00e9cnica para contribuir a los productos del Grupo TMEIC.  <\/li>\n<\/ul>\n\n<ul class=\"wp-block-list\">\n<li>Tener capacidad de suministro continuado incluso en caso de cat\u00e1strofe inesperada.  <\/li>\n<\/ul>\n\n<p>2. Evaluamos a los proveedores de forma justa seg\u00fan las normas que se indican a continuaci\u00f3n y adquirimos los productos y servicios necesarios.  <\/p>\n\n<ul class=\"wp-block-list\">\n<li>Teniendo en cuenta el medio ambiente, adoptamos materiales, aplicamos m\u00e9todos de fabricaci\u00f3n y llevamos a cabo la eliminaci\u00f3n de residuos.  <\/li>\n<\/ul>\n\n<ul class=\"wp-block-list\">\n<li>Nivel de calidad adecuado  <\/li>\n<\/ul>\n\n<ul class=\"wp-block-list\">\n<li>Precio razonable con racionalidad econ\u00f3mica  <\/li>\n<\/ul>\n\n<ul class=\"wp-block-list\">\n<li>Cumplimiento de la fecha de entrega designada. <\/li>\n<\/ul>\n\n<ul class=\"wp-block-list\">\n<li>Mantienen un suministro estable. <\/li>\n<\/ul>\n\n<ul class=\"wp-block-list\">\n<li>Reciben un servicio adecuado. <\/li>\n<\/ul>\n\n<p>3. No recibimos de los proveedores beneficios individuales relacionados con las funciones asignadas.  <\/p>\n\n<ul class=\"wp-block-list\">\n<li>Llevamos a cabo un comercio justo cumpliendo sinceramente las obligaciones de los contratos con los proveedores y nos adherimos a la ley de protecci\u00f3n de los socios comerciales y a las pr\u00e1cticas empresariales correctas, y no abusamos de nuestra posici\u00f3n de autoridad. <\/li>\n<\/ul>\n\n<p>4. La divisi\u00f3n de aprovisionamiento designada llevar\u00e1 a cabo las actividades de aprovisionamiento de acuerdo con la normativa interna de TMEIC.  <\/p>\n\n<p><em>S\u00f3lo para la regi\u00f3n de Europa<\/em> <br\/>TMEIC Europe Limited &#8211; <a href=\"https:\/\/tmeic.com\/es\/modern-slavery-and-human-trafficking-statement\/\" data-type=\"page\" data-id=\"1491\" target=\"_blank\" rel=\"noreferrer noopener\">Declaraci\u00f3n sobre la esclavitud moderna y la trata de seres humanos<\/a> <\/p>\n\n<p><em>S\u00f3lo TMCA<\/em> <br\/><a href=\"https:\/\/tmeic.com\/wp-content\/uploads\/2025\/05\/TMCA-Canadian-Forced-Labour-Report-FY2023-signed.pdf\" target=\"_blank\" rel=\"noreferrer noopener\">TMCA Informe canadiense sobre trabajo forzoso FY2023<\/a> <\/p>\n","protected":false},"excerpt":{"rendered":"<p>Pol\u00edtica de Abastecimiento Grupo TMEIC SOC 1. Cumplimiento de las leyes y reglamentos aplicables en vigor en Jap\u00f3n y en el extranjero. Las actividades de adquisici\u00f3n de TMEIC se llevan a cabo en estricto cumplimiento de las leyes, reglamentos y normas sociales que rigen en cualquier pa\u00eds o regi\u00f3n donde adquiera bienes y servicios. 2. [&hellip;]<\/p>\n","protected":false},"author":7,"featured_media":0,"parent":0,"menu_order":0,"comment_status":"closed","ping_status":"closed","template":"company-info-template.php","meta":{"_acf_changed":false,"footnotes":""},"groups":[48],"class_list":["post-2664","page","type-page","status-publish","hentry","groups-about"],"acf":[],"yoast_head":"<!-- This site is optimized with the Yoast SEO plugin v25.7 - https:\/\/yoast.com\/wordpress\/plugins\/seo\/ -->\n<title>Pol\u00edtica de Abastecimiento - TMEIC<\/title>\n<meta name=\"robots\" content=\"index, follow, max-snippet:-1, max-image-preview:large, max-video-preview:-1\" \/>\n<link rel=\"canonical\" href=\"https:\/\/www.tmeic.com\/es\/politica-de-adquisiciones\/\" \/>\n<meta property=\"og:locale\" content=\"es_ES\" \/>\n<meta property=\"og:type\" content=\"article\" \/>\n<meta property=\"og:title\" content=\"Pol\u00edtica de Abastecimiento - TMEIC\" \/>\n<meta property=\"og:description\" content=\"Pol\u00edtica de Abastecimiento Grupo TMEIC SOC 1. Cumplimiento de las leyes y reglamentos aplicables en vigor en Jap\u00f3n y en el extranjero. Las actividades de adquisici\u00f3n de TMEIC se llevan a cabo en estricto cumplimiento de las leyes, reglamentos y normas sociales que rigen en cualquier pa\u00eds o regi\u00f3n donde adquiera bienes y servicios. 2. [&hellip;]\" \/>\n<meta property=\"og:url\" content=\"https:\/\/www.tmeic.com\/es\/politica-de-adquisiciones\/\" \/>\n<meta property=\"og:site_name\" content=\"TMEIC\" \/>\n<meta property=\"article:modified_time\" content=\"2025-06-04T23:41:15+00:00\" \/>\n<meta name=\"twitter:card\" content=\"summary_large_image\" \/>\n<meta name=\"twitter:label1\" content=\"Est. reading time\" \/>\n\t<meta name=\"twitter:data1\" content=\"2 minutos\" \/>\n<script type=\"application\/ld+json\" class=\"yoast-schema-graph\">{\"@context\":\"https:\/\/schema.org\",\"@graph\":[{\"@type\":\"WebPage\",\"@id\":\"https:\/\/www.tmeic.com\/es\/politica-de-adquisiciones\/\",\"url\":\"https:\/\/www.tmeic.com\/es\/politica-de-adquisiciones\/\",\"name\":\"Pol\u00edtica de Abastecimiento - TMEIC\",\"isPartOf\":{\"@id\":\"https:\/\/www.tmeic.com\/zh-hans\/#website\"},\"datePublished\":\"2025-05-18T03:05:12+00:00\",\"dateModified\":\"2025-06-04T23:41:15+00:00\",\"breadcrumb\":{\"@id\":\"https:\/\/www.tmeic.com\/es\/politica-de-adquisiciones\/#breadcrumb\"},\"inLanguage\":\"es\",\"potentialAction\":[{\"@type\":\"ReadAction\",\"target\":[\"https:\/\/www.tmeic.com\/es\/politica-de-adquisiciones\/\"]}]},{\"@type\":\"BreadcrumbList\",\"@id\":\"https:\/\/www.tmeic.com\/es\/politica-de-adquisiciones\/#breadcrumb\",\"itemListElement\":[{\"@type\":\"ListItem\",\"position\":1,\"name\":\"Home\",\"item\":\"https:\/\/tmeic.com\/es\/\"},{\"@type\":\"ListItem\",\"position\":2,\"name\":\"Pol\u00edtica de Abastecimiento\"}]},{\"@type\":\"WebSite\",\"@id\":\"https:\/\/www.tmeic.com\/zh-hans\/#website\",\"url\":\"https:\/\/www.tmeic.com\/zh-hans\/\",\"name\":\"TMEIC\",\"description\":\"\",\"potentialAction\":[{\"@type\":\"SearchAction\",\"target\":{\"@type\":\"EntryPoint\",\"urlTemplate\":\"https:\/\/www.tmeic.com\/zh-hans\/?s={search_term_string}\"},\"query-input\":{\"@type\":\"PropertyValueSpecification\",\"valueRequired\":true,\"valueName\":\"search_term_string\"}}],\"inLanguage\":\"es\"}]}<\/script>\n<!-- \/ Yoast SEO plugin. -->","yoast_head_json":{"title":"Pol\u00edtica de Abastecimiento - TMEIC","robots":{"index":"index","follow":"follow","max-snippet":"max-snippet:-1","max-image-preview":"max-image-preview:large","max-video-preview":"max-video-preview:-1"},"canonical":"https:\/\/www.tmeic.com\/es\/politica-de-adquisiciones\/","og_locale":"es_ES","og_type":"article","og_title":"Pol\u00edtica de Abastecimiento - TMEIC","og_description":"Pol\u00edtica de Abastecimiento Grupo TMEIC SOC 1. Cumplimiento de las leyes y reglamentos aplicables en vigor en Jap\u00f3n y en el extranjero. Las actividades de adquisici\u00f3n de TMEIC se llevan a cabo en estricto cumplimiento de las leyes, reglamentos y normas sociales que rigen en cualquier pa\u00eds o regi\u00f3n donde adquiera bienes y servicios. 2. [&hellip;]","og_url":"https:\/\/www.tmeic.com\/es\/politica-de-adquisiciones\/","og_site_name":"TMEIC","article_modified_time":"2025-06-04T23:41:15+00:00","twitter_card":"summary_large_image","twitter_misc":{"Est. reading time":"2 minutos"},"schema":{"@context":"https:\/\/schema.org","@graph":[{"@type":"WebPage","@id":"https:\/\/www.tmeic.com\/es\/politica-de-adquisiciones\/","url":"https:\/\/www.tmeic.com\/es\/politica-de-adquisiciones\/","name":"Pol\u00edtica de Abastecimiento - TMEIC","isPartOf":{"@id":"https:\/\/www.tmeic.com\/zh-hans\/#website"},"datePublished":"2025-05-18T03:05:12+00:00","dateModified":"2025-06-04T23:41:15+00:00","breadcrumb":{"@id":"https:\/\/www.tmeic.com\/es\/politica-de-adquisiciones\/#breadcrumb"},"inLanguage":"es","potentialAction":[{"@type":"ReadAction","target":["https:\/\/www.tmeic.com\/es\/politica-de-adquisiciones\/"]}]},{"@type":"BreadcrumbList","@id":"https:\/\/www.tmeic.com\/es\/politica-de-adquisiciones\/#breadcrumb","itemListElement":[{"@type":"ListItem","position":1,"name":"Home","item":"https:\/\/tmeic.com\/es\/"},{"@type":"ListItem","position":2,"name":"Pol\u00edtica de Abastecimiento"}]},{"@type":"WebSite","@id":"https:\/\/www.tmeic.com\/zh-hans\/#website","url":"https:\/\/www.tmeic.com\/zh-hans\/","name":"TMEIC","description":"","potentialAction":[{"@type":"SearchAction","target":{"@type":"EntryPoint","urlTemplate":"https:\/\/www.tmeic.com\/zh-hans\/?s={search_term_string}"},"query-input":{"@type":"PropertyValueSpecification","valueRequired":true,"valueName":"search_term_string"}}],"inLanguage":"es"}]}},"_links":{"self":[{"href":"https:\/\/www.tmeic.com\/es\/wp-json\/wp\/v2\/pages\/2664","targetHints":{"allow":["GET"]}}],"collection":[{"href":"https:\/\/www.tmeic.com\/es\/wp-json\/wp\/v2\/pages"}],"about":[{"href":"https:\/\/www.tmeic.com\/es\/wp-json\/wp\/v2\/types\/page"}],"author":[{"embeddable":true,"href":"https:\/\/www.tmeic.com\/es\/wp-json\/wp\/v2\/users\/7"}],"replies":[{"embeddable":true,"href":"https:\/\/www.tmeic.com\/es\/wp-json\/wp\/v2\/comments?post=2664"}],"version-history":[{"count":7,"href":"https:\/\/www.tmeic.com\/es\/wp-json\/wp\/v2\/pages\/2664\/revisions"}],"predecessor-version":[{"id":7153,"href":"https:\/\/www.tmeic.com\/es\/wp-json\/wp\/v2\/pages\/2664\/revisions\/7153"}],"wp:attachment":[{"href":"https:\/\/www.tmeic.com\/es\/wp-json\/wp\/v2\/media?parent=2664"}],"wp:term":[{"taxonomy":"groups","embeddable":true,"href":"https:\/\/www.tmeic.com\/es\/wp-json\/wp\/v2\/groups?post=2664"}],"curies":[{"name":"wp","href":"https:\/\/api.w.org\/{rel}","templated":true}]}}