  {"id":2812,"date":"2025-05-18T03:04:55","date_gmt":"2025-05-18T03:04:55","guid":{"rendered":"https:\/\/tmeic.com\/?page_id=2812"},"modified":"2025-05-21T00:05:02","modified_gmt":"2025-05-21T00:05:02","slug":"manufacturing-capabilities","status":"publish","type":"page","link":"https:\/\/www.tmeic.com\/es\/about\/manufacturing-capabilities\/","title":{"rendered":"Capacidades de fabricaci\u00f3n"},"content":{"rendered":"\n<h2 class=\"wp-block-heading\">Fabricaci\u00f3n global de clase mundial<\/h2>\n\n<p>Como empresa global, TMEIC sigue ampliando sus capacidades de fabricaci\u00f3n en todo el mundo para garantizar que siempre estamos cerca de nuestros clientes, tanto con tecnolog\u00eda avanzada como con productos con dise\u00f1os que cumplen las normas m\u00e1s exigentes del sector y las certificaciones locales. En TMEIC, estamos orgullosos de nuestras ra\u00edces locales y nuestra huella global. <\/p>\n\n<p>Si buscas los motores y accionamientos industriales m\u00e1s fiables del mundo, tecnolog\u00edas de automatizaci\u00f3n avanzadas, sistemas SAI a escala industrial o inversores de energ\u00eda solar fotovoltaica galardonados, TMEIC te lo ofrece.<\/p>\n\n<p><\/p>\n","protected":false},"excerpt":{"rendered":"<p>Fabricaci\u00f3n global de clase mundial Como empresa global, TMEIC sigue ampliando sus capacidades de fabricaci\u00f3n en todo el mundo para garantizar que siempre estamos cerca de nuestros clientes, tanto con tecnolog\u00eda avanzada como con productos con dise\u00f1os que cumplen las normas m\u00e1s exigentes del sector y las certificaciones locales. En TMEIC, estamos orgullosos de nuestras [&hellip;]<\/p>\n","protected":false},"author":7,"featured_media":708,"parent":4051,"menu_order":0,"comment_status":"closed","ping_status":"closed","template":"company-info-template.php","meta":{"_acf_changed":false,"footnotes":""},"groups":[213],"class_list":["post-2812","page","type-page","status-publish","has-post-thumbnail","hentry","groups-about-es"],"acf":[],"yoast_head":"<!-- This site is optimized with the Yoast SEO plugin v25.7 - https:\/\/yoast.com\/wordpress\/plugins\/seo\/ -->\n<title>Capacidades de fabricaci\u00f3n - TMEIC<\/title>\n<meta name=\"robots\" content=\"index, follow, max-snippet:-1, max-image-preview:large, max-video-preview:-1\" \/>\n<link rel=\"canonical\" href=\"https:\/\/www.tmeic.com\/es\/about\/manufacturing-capabilities\/\" \/>\n<meta property=\"og:locale\" content=\"es_ES\" \/>\n<meta property=\"og:type\" content=\"article\" \/>\n<meta property=\"og:title\" content=\"Capacidades de fabricaci\u00f3n - TMEIC\" \/>\n<meta property=\"og:description\" content=\"Fabricaci\u00f3n global de clase mundial Como empresa global, TMEIC sigue ampliando sus capacidades de fabricaci\u00f3n en todo el mundo para garantizar que siempre estamos cerca de nuestros clientes, tanto con tecnolog\u00eda avanzada como con productos con dise\u00f1os que cumplen las normas m\u00e1s exigentes del sector y las certificaciones locales. En TMEIC, estamos orgullosos de nuestras [&hellip;]\" \/>\n<meta property=\"og:url\" content=\"https:\/\/www.tmeic.com\/es\/about\/manufacturing-capabilities\/\" \/>\n<meta property=\"og:site_name\" content=\"TMEIC\" \/>\n<meta property=\"article:modified_time\" content=\"2025-05-21T00:05:02+00:00\" \/>\n<meta property=\"og:image\" content=\"https:\/\/www.tmeic.com\/wp-content\/uploads\/2025\/04\/Manufacturing-Global-Network-Map_0622.jpg\" \/>\n\t<meta property=\"og:image:width\" content=\"1521\" \/>\n\t<meta property=\"og:image:height\" content=\"732\" \/>\n\t<meta property=\"og:image:type\" content=\"image\/jpeg\" \/>\n<meta name=\"twitter:card\" content=\"summary_large_image\" \/>\n<meta name=\"twitter:label1\" content=\"Est. reading time\" \/>\n\t<meta name=\"twitter:data1\" content=\"1 minuto\" \/>\n<script type=\"application\/ld+json\" class=\"yoast-schema-graph\">{\"@context\":\"https:\/\/schema.org\",\"@graph\":[{\"@type\":\"WebPage\",\"@id\":\"https:\/\/www.tmeic.com\/es\/about\/manufacturing-capabilities\/\",\"url\":\"https:\/\/www.tmeic.com\/es\/about\/manufacturing-capabilities\/\",\"name\":\"Capacidades de fabricaci\u00f3n - TMEIC\",\"isPartOf\":{\"@id\":\"https:\/\/www.tmeic.com\/zh-hans\/#website\"},\"primaryImageOfPage\":{\"@id\":\"https:\/\/www.tmeic.com\/es\/about\/manufacturing-capabilities\/#primaryimage\"},\"image\":{\"@id\":\"https:\/\/www.tmeic.com\/es\/about\/manufacturing-capabilities\/#primaryimage\"},\"thumbnailUrl\":\"https:\/\/www.tmeic.com\/wp-content\/uploads\/2025\/04\/Manufacturing-Global-Network-Map_0622.jpg\",\"datePublished\":\"2025-05-18T03:04:55+00:00\",\"dateModified\":\"2025-05-21T00:05:02+00:00\",\"breadcrumb\":{\"@id\":\"https:\/\/www.tmeic.com\/es\/about\/manufacturing-capabilities\/#breadcrumb\"},\"inLanguage\":\"es\",\"potentialAction\":[{\"@type\":\"ReadAction\",\"target\":[\"https:\/\/www.tmeic.com\/es\/about\/manufacturing-capabilities\/\"]}]},{\"@type\":\"ImageObject\",\"inLanguage\":\"es\",\"@id\":\"https:\/\/www.tmeic.com\/es\/about\/manufacturing-capabilities\/#primaryimage\",\"url\":\"https:\/\/www.tmeic.com\/wp-content\/uploads\/2025\/04\/Manufacturing-Global-Network-Map_0622.jpg\",\"contentUrl\":\"https:\/\/www.tmeic.com\/wp-content\/uploads\/2025\/04\/Manufacturing-Global-Network-Map_0622.jpg\",\"width\":1521,\"height\":732},{\"@type\":\"BreadcrumbList\",\"@id\":\"https:\/\/www.tmeic.com\/es\/about\/manufacturing-capabilities\/#breadcrumb\",\"itemListElement\":[{\"@type\":\"ListItem\",\"position\":1,\"name\":\"Home\",\"item\":\"https:\/\/tmeic.com\/es\/\"},{\"@type\":\"ListItem\",\"position\":2,\"name\":\"About\",\"item\":\"https:\/\/www.tmeic.com\/es\/about\/\"},{\"@type\":\"ListItem\",\"position\":3,\"name\":\"Capacidades de fabricaci\u00f3n\"}]},{\"@type\":\"WebSite\",\"@id\":\"https:\/\/www.tmeic.com\/zh-hans\/#website\",\"url\":\"https:\/\/www.tmeic.com\/zh-hans\/\",\"name\":\"TMEIC\",\"description\":\"\",\"potentialAction\":[{\"@type\":\"SearchAction\",\"target\":{\"@type\":\"EntryPoint\",\"urlTemplate\":\"https:\/\/www.tmeic.com\/zh-hans\/?s={search_term_string}\"},\"query-input\":{\"@type\":\"PropertyValueSpecification\",\"valueRequired\":true,\"valueName\":\"search_term_string\"}}],\"inLanguage\":\"es\"}]}<\/script>\n<!-- \/ Yoast SEO plugin. -->","yoast_head_json":{"title":"Capacidades de fabricaci\u00f3n - TMEIC","robots":{"index":"index","follow":"follow","max-snippet":"max-snippet:-1","max-image-preview":"max-image-preview:large","max-video-preview":"max-video-preview:-1"},"canonical":"https:\/\/www.tmeic.com\/es\/about\/manufacturing-capabilities\/","og_locale":"es_ES","og_type":"article","og_title":"Capacidades de fabricaci\u00f3n - TMEIC","og_description":"Fabricaci\u00f3n global de clase mundial Como empresa global, TMEIC sigue ampliando sus capacidades de fabricaci\u00f3n en todo el mundo para garantizar que siempre estamos cerca de nuestros clientes, tanto con tecnolog\u00eda avanzada como con productos con dise\u00f1os que cumplen las normas m\u00e1s exigentes del sector y las certificaciones locales. En TMEIC, estamos orgullosos de nuestras [&hellip;]","og_url":"https:\/\/www.tmeic.com\/es\/about\/manufacturing-capabilities\/","og_site_name":"TMEIC","article_modified_time":"2025-05-21T00:05:02+00:00","og_image":[{"width":1521,"height":732,"url":"https:\/\/www.tmeic.com\/wp-content\/uploads\/2025\/04\/Manufacturing-Global-Network-Map_0622.jpg","type":"image\/jpeg"}],"twitter_card":"summary_large_image","twitter_misc":{"Est. reading time":"1 minuto"},"schema":{"@context":"https:\/\/schema.org","@graph":[{"@type":"WebPage","@id":"https:\/\/www.tmeic.com\/es\/about\/manufacturing-capabilities\/","url":"https:\/\/www.tmeic.com\/es\/about\/manufacturing-capabilities\/","name":"Capacidades de fabricaci\u00f3n - TMEIC","isPartOf":{"@id":"https:\/\/www.tmeic.com\/zh-hans\/#website"},"primaryImageOfPage":{"@id":"https:\/\/www.tmeic.com\/es\/about\/manufacturing-capabilities\/#primaryimage"},"image":{"@id":"https:\/\/www.tmeic.com\/es\/about\/manufacturing-capabilities\/#primaryimage"},"thumbnailUrl":"https:\/\/www.tmeic.com\/wp-content\/uploads\/2025\/04\/Manufacturing-Global-Network-Map_0622.jpg","datePublished":"2025-05-18T03:04:55+00:00","dateModified":"2025-05-21T00:05:02+00:00","breadcrumb":{"@id":"https:\/\/www.tmeic.com\/es\/about\/manufacturing-capabilities\/#breadcrumb"},"inLanguage":"es","potentialAction":[{"@type":"ReadAction","target":["https:\/\/www.tmeic.com\/es\/about\/manufacturing-capabilities\/"]}]},{"@type":"ImageObject","inLanguage":"es","@id":"https:\/\/www.tmeic.com\/es\/about\/manufacturing-capabilities\/#primaryimage","url":"https:\/\/www.tmeic.com\/wp-content\/uploads\/2025\/04\/Manufacturing-Global-Network-Map_0622.jpg","contentUrl":"https:\/\/www.tmeic.com\/wp-content\/uploads\/2025\/04\/Manufacturing-Global-Network-Map_0622.jpg","width":1521,"height":732},{"@type":"BreadcrumbList","@id":"https:\/\/www.tmeic.com\/es\/about\/manufacturing-capabilities\/#breadcrumb","itemListElement":[{"@type":"ListItem","position":1,"name":"Home","item":"https:\/\/tmeic.com\/es\/"},{"@type":"ListItem","position":2,"name":"About","item":"https:\/\/www.tmeic.com\/es\/about\/"},{"@type":"ListItem","position":3,"name":"Capacidades de fabricaci\u00f3n"}]},{"@type":"WebSite","@id":"https:\/\/www.tmeic.com\/zh-hans\/#website","url":"https:\/\/www.tmeic.com\/zh-hans\/","name":"TMEIC","description":"","potentialAction":[{"@type":"SearchAction","target":{"@type":"EntryPoint","urlTemplate":"https:\/\/www.tmeic.com\/zh-hans\/?s={search_term_string}"},"query-input":{"@type":"PropertyValueSpecification","valueRequired":true,"valueName":"search_term_string"}}],"inLanguage":"es"}]}},"_links":{"self":[{"href":"https:\/\/www.tmeic.com\/es\/wp-json\/wp\/v2\/pages\/2812","targetHints":{"allow":["GET"]}}],"collection":[{"href":"https:\/\/www.tmeic.com\/es\/wp-json\/wp\/v2\/pages"}],"about":[{"href":"https:\/\/www.tmeic.com\/es\/wp-json\/wp\/v2\/types\/page"}],"author":[{"embeddable":true,"href":"https:\/\/www.tmeic.com\/es\/wp-json\/wp\/v2\/users\/7"}],"replies":[{"embeddable":true,"href":"https:\/\/www.tmeic.com\/es\/wp-json\/wp\/v2\/comments?post=2812"}],"version-history":[{"count":4,"href":"https:\/\/www.tmeic.com\/es\/wp-json\/wp\/v2\/pages\/2812\/revisions"}],"predecessor-version":[{"id":5736,"href":"https:\/\/www.tmeic.com\/es\/wp-json\/wp\/v2\/pages\/2812\/revisions\/5736"}],"up":[{"embeddable":true,"href":"https:\/\/www.tmeic.com\/es\/wp-json\/wp\/v2\/pages\/4051"}],"wp:featuredmedia":[{"embeddable":true,"href":"https:\/\/www.tmeic.com\/es\/wp-json\/wp\/v2\/media\/708"}],"wp:attachment":[{"href":"https:\/\/www.tmeic.com\/es\/wp-json\/wp\/v2\/media?parent=2812"}],"wp:term":[{"taxonomy":"groups","embeddable":true,"href":"https:\/\/www.tmeic.com\/es\/wp-json\/wp\/v2\/groups?post=2812"}],"curies":[{"name":"wp","href":"https:\/\/api.w.org\/{rel}","templated":true}]}}