  {"id":2876,"date":"2025-05-18T17:50:56","date_gmt":"2025-05-18T17:50:56","guid":{"rendered":"https:\/\/tmeic.com\/?page_id=2876"},"modified":"2025-05-21T00:04:36","modified_gmt":"2025-05-21T00:04:36","slug":"csr-and-sdg-initiatives","status":"publish","type":"page","link":"https:\/\/www.tmeic.com\/es\/csr-and-sdg-initiatives\/","title":{"rendered":"Sostenibilidad"},"content":{"rendered":"\n<div style=\"height:40px\" aria-hidden=\"true\" class=\"wp-block-spacer\"><\/div>\n\n<figure class=\"wp-block-image size-full\"><img loading=\"lazy\" decoding=\"async\" width=\"928\" height=\"137\" src=\"https:\/\/tmeic.com\/wp-content\/uploads\/2025\/05\/image-9-1.png\" alt=\"\" class=\"wp-image-4936\" srcset=\"https:\/\/www.tmeic.com\/wp-content\/uploads\/2025\/05\/image-9-1.png 928w, https:\/\/www.tmeic.com\/wp-content\/uploads\/2025\/05\/image-9-1-300x44.png 300w, https:\/\/www.tmeic.com\/wp-content\/uploads\/2025\/05\/image-9-1-768x113.png 768w\" sizes=\"auto, (max-width: 928px) 100vw, 928px\" \/><\/figure>\n\n<div style=\"height:30px\" aria-hidden=\"true\" class=\"wp-block-spacer\"><\/div>\n\n<a href=\"https:\/\/tmeic.com\/wp-content\/uploads\/2025\/05\/Sustainability_report_eng.pdf\" target=\"_blank\" class=\"o-button\" data-theme=\"light\" style=\"justify-self: center; border: 1px solid\">\n    <span data-text=\"View the 2024 Sustainability Report\">Ver el Informe de Sostenibilidad 2024<\/span>\n          <span class=\"o-icon \">\n  <svg xmlns=\"http:\/\/www.w3.org\/2000\/svg\" width=\"18\" height=\"13\" viewbox=\"0 0 18 13\" fill=\"none\">\n  <path d=\"M15.7929 7H0V6H15.7929L10.6464 0.853591L11.3536 0.146484L17.7071 6.50004L11.3536 12.8536L10.6464 12.1465L15.7929 7Z\" fill=\"currentColor\"><\/path>\n<\/svg>\n<\/span><\/a>\n\n<div style=\"height:30px\" aria-hidden=\"true\" class=\"wp-block-spacer\"><\/div>\n<section class=\"c-split-content l-container--full\" data-theme=\"light\">\n  <div class=\"c-split-content__container l-container--xl left\">\n    <div class=\"c-split-content__media a-fade\" x-data=\"fadeAnimation()\" :class=\"{ 'is-visible': visible }\">\n              <div class=\"o-image-responsive\" style=\"background-image: url(https:\/\/www.tmeic.com\/wp-content\/uploads\/2025\/05\/president-ceo-akira_kawaguchi_web.webp)\"><\/div>\n          <\/div>\n    <div class=\"c-split-content__content l-container--xxs a-fade\" x-data=\"fadeAnimation()\" :class=\"{ 'is-visible': visible }\">\n      <div class=\"inner-wrapper\">\n        \n<h3 class=\"\" data-theme=\"\">Mensaje del Presidente y Director General<\/h3>        <div><p>Mientras celebramos nuestro 20 aniversario, TMEIC se embarca en su siguiente etapa de crecimiento. El 1 de abril de 2024, cambiamos con orgullo nuestro nombre por el de Corporaci\u00f3n TMEIC, reafirmando nuestro compromiso de apoyar la infraestructura industrial y social al tiempo que contribuimos a la realizaci\u00f3n de una sociedad neutra en carbono. <\/p>\n<p>Nuestra filosof\u00eda empresarial no ha cambiado: construir relaciones de confianza con los clientes y contribuir al desarrollo sostenible de una sociedad global como integrador de sistemas industriales. Esta misi\u00f3n, que nos ha guiado desde nuestra fundaci\u00f3n, nos impulsa a resolver los retos de la sociedad a trav\u00e9s de nuestras actividades empresariales y a progresar junto a nuestros clientes y la sociedad en general. <\/p>\n<p>Aspiramos a forjar asociaciones s\u00f3lidas que nos permitan trabajar codo con codo con nuestros clientes, avanzando juntos mediante una estrecha comunicaci\u00f3n. Mientras nos esforzamos por aumentar la comprensi\u00f3n de nuestra filosof\u00eda corporativa y nuestras actividades entre nuestras partes interesadas y la sociedad, te pedimos que nos sigas guiando y apoyando. <\/p>\n<p>&#8211; Akira Kawaguchi, Presidente y Consejero Delegado<\/p>\n<\/div>\n              <\/div>\n          <\/div>\n  <\/div>\n<\/section><section class=\"c-split-content l-container--full\" data-theme=\"light\">\n  <div class=\"c-split-content__container l-container--xl right\">\n    <div class=\"c-split-content__media a-fade\" x-data=\"fadeAnimation()\" :class=\"{ 'is-visible': visible }\">\n              <div class=\"o-image-responsive\" style=\"background-image: url(https:\/\/www.tmeic.com\/wp-content\/uploads\/2025\/05\/TMEIC-Power-Electronics-Products-Corporation.webp)\"><\/div>\n          <\/div>\n    <div class=\"c-split-content__content l-container--xxs a-fade\" x-data=\"fadeAnimation()\" :class=\"{ 'is-visible': visible }\">\n      <div class=\"inner-wrapper\">\n        \n<h3 class=\"\" data-theme=\"\">Una misi\u00f3n <strong>inquebrantable<\/strong> desde nuestra fundaci\u00f3n<\/h3>        <div><p>La filosof\u00eda corporativa del Grupo TMEIC es construir relaciones de confianza con los clientes y contribuir al desarrollo sostenible de una sociedad global como integrador de sistemas industriales. Esta filosof\u00eda ha estado vigente desde nuestros primeros d\u00edas y encarna la idea de hacer realidad la sostenibilidad que defendemos. Nuestra misi\u00f3n inquebrantable desde nuestra fundaci\u00f3n es resolver los retos de la sociedad a trav\u00e9s de nuestro negocio y progresar y desarrollarnos con la sociedad y los clientes. Para lograrlo, aspiramos a crear asociaciones s\u00f3lidas que nos permitan trabajar codo con codo y avanzar con nuestros clientes mediante una estrecha comunicaci\u00f3n.   <\/p>\n<p>TMEIC ha aprovechado la oportunidad de nuestro 20 aniversario para esforzarse por alcanzar la siguiente etapa de crecimiento. En este empe\u00f1o, cambiamos nuestro nombre por el de Corporaci\u00f3n TMEIC el 1 de abril de 2024. Mantenemos nuestro compromiso de ser una empresa que apoya la infraestructura industrial y social y contribuye a la realizaci\u00f3n de una sociedad neutra en carbono. Tambi\u00e9n trabajaremos para aumentar la comprensi\u00f3n de nuestra filosof\u00eda corporativa y de estas actividades entre nuestras numerosas partes interesadas y la sociedad en su conjunto. Te pido que nos sigas guiando y apoyando en nuestro empe\u00f1o por alcanzar nuestros objetivos.    <\/p>\n<\/div>\n              <\/div>\n          <\/div>\n  <\/div>\n<\/section><section class=\"c-split-content l-container--full\" data-theme=\"light\">\n  <div class=\"c-split-content__container l-container--xl left\">\n    <div class=\"c-split-content__media a-fade\" x-data=\"fadeAnimation()\" :class=\"{ 'is-visible': visible }\">\n              <div class=\"o-image-responsive\" style=\"background-image: url(https:\/\/www.tmeic.com\/wp-content\/uploads\/2025\/03\/sample-image.webp)\"><\/div>\n          <\/div>\n    <div class=\"c-split-content__content l-container--xxs a-fade\" x-data=\"fadeAnimation()\" :class=\"{ 'is-visible': visible }\">\n      <div class=\"inner-wrapper\">\n        \n<h3 class=\"\" data-theme=\"\">TMEIC Sostenibilidad y ODS<\/h3>        <div><p>El Grupo reconoce que tiene la responsabilidad social de contribuir a hacer realidad una sociedad en la que el medio ambiente y la econom\u00eda est\u00e9n en armon\u00eda, y de desarrollar tecnolog\u00edas que apoyen la protecci\u00f3n del medio ambiente. Con esto en mente, hemos emprendido iniciativas que aprovechan nuestra tecnolog\u00eda punta y nuestras excepcionales capacidades de ingenier\u00eda para que nuestras actividades empresariales contribuyan a la realizaci\u00f3n de una sociedad sostenible. Al mismo tiempo, nos hemos esforzado por seguir gan\u00e1ndonos la confianza de los clientes y establecer mejores relaciones de colaboraci\u00f3n.  <\/p>\n<p>Tras la adopci\u00f3n de los Objetivos de Desarrollo Sostenible (ODS) por las Naciones Unidas en 2015, TMEIC ha comenzado a esforzarse por integrar los ODS en la gesti\u00f3n como medio para ayudar a alcanzar estos objetivos. En el ejercicio fiscal 2019, incorporamos los ODS como directrices para todo el Grupo e identificamos los retos clave. Bas\u00e1ndonos en estas \u00e1reas cr\u00edticas, intentaremos estrechar a\u00fan m\u00e1s los lazos con los clientes y seguir asumiendo nuevos retos  <\/p>\n<\/div>\n              <\/div>\n          <\/div>\n  <\/div>\n<\/section><section class=\"c-split-content l-container--full\" data-theme=\"light\">\n  <div class=\"c-split-content__container l-container--xl right\">\n    <div class=\"c-split-content__media a-fade\" x-data=\"fadeAnimation()\" :class=\"{ 'is-visible': visible }\">\n              <div class=\"o-image-responsive\" style=\"background-image: url(https:\/\/www.tmeic.com\/wp-content\/uploads\/2025\/05\/industries.webp)\"><\/div>\n          <\/div>\n    <div class=\"c-split-content__content l-container--xxs a-fade\" x-data=\"fadeAnimation()\" :class=\"{ 'is-visible': visible }\">\n      <div class=\"inner-wrapper\">\n        \n<h3 class=\"\" data-theme=\"\">La historia de la creaci\u00f3n de valor de TMEIC<\/h3>        <div><p>TMEIC est\u00e1 construyendo un modelo empresarial destinado a crear valor para los clientes y todas las dem\u00e1s partes interesadas.<\/p>\n<p>Las capacidades de ingenier\u00eda y la tecnolog\u00eda de motores y electr\u00f3nica de potencia se han convertido en competencias b\u00e1sicas que cuentan con el apoyo de nuestro excepcional negocio de soluciones, nuestra red global y nuestros activos empresariales, que han establecido una s\u00f3lida plataforma para la creaci\u00f3n de beneficios y valor. Mediante el suministro de productos y servicios a los clientes, pretendemos ayudar a alcanzar los ODS y resolver otros problemas sociales, as\u00ed como aumentar el valor como grupo empresarial. <\/p>\n<p>Creemos que estos esfuerzos nos permitir\u00e1n establecer relaciones de confianza con los clientes y contribuir al desarrollo sostenible de una sociedad global como integrador de sistemas industriales, el ideal que defendemos en nuestra filosof\u00eda corporativa.<\/p>\n<\/div>\n              <\/div>\n          <\/div>\n  <\/div>\n<\/section>  <div class=\"c-table l-container--full\">\n          <h2 class=\"c-table__title l-container--xl\">Retos clave en las actividades empresariales<\/h2>\n        \n        <table class=\"c-table__table c-table__table--desktop l-container--xl a-fade\" x-data=\"fadeAnimation()\" :class=\"{ 'is-visible': visible }\">\n            \n      <tbody>\n                  <tr class=\"c-table__row\">\n            <th class=\"c-table__row-label o-rich-text__content\">Conseguir una sociedad sostenible y resistente<\/th>\n                          <td class=\"c-table__cell o-rich-text__content\"><ul>\n<li>Mejorar la eficiencia energ\u00e9tica<\/li>\n<li>Difundir el uso de las Energ\u00edas Renovables<\/li>\n<li>Contribuir al aumento de la productividad en los mercados industriales<\/li>\n<li>Ayuda a mejorar el acceso al agua potable<\/li>\n<li>Contribuir al aumento de la productividad en los mercados industriales<\/li>\n<li>Permitir una producci\u00f3n local que ahorre energ\u00eda para el consumo local<\/li>\n<li>Ayuda a mitigar el cambio clim\u00e1tico<\/li>\n<li>Crear una sociedad resistente a las cat\u00e1strofes<\/li>\n<\/ul>\n<\/td>\n                      <\/tr>\n                  <tr class=\"c-table__row\">\n            <th class=\"c-table__row-label o-rich-text__content\">Buscar innovaciones para ampliar el valor a\u00f1adido<\/th>\n                          <td class=\"c-table__cell o-rich-text__content\"><ul>\n<li>Desarrollar productos y servicios de alto valor a\u00f1adido<\/li>\n<li>Impulsar la innovaci\u00f3n mediante asociaciones en todo el mundo<\/li>\n<\/ul>\n<\/td>\n                      <\/tr>\n              <\/tbody>\n    <\/table>\n    \n        <div class=\"c-table__mobile\">\n              <div class=\"c-table__mobile-section\">\n          <div class=\"c-table__mobile-header\">Conseguir una sociedad sostenible y resistente<\/div>\n                                                              <div class=\"c-table__mobile-row c-table__mobile-row--full-width\">\n                <div class=\"c-table__mobile-label o-rich-text__content\"><ul>\n<li>Mejorar la eficiencia energ\u00e9tica<\/li>\n<li>Difundir el uso de las Energ\u00edas Renovables<\/li>\n<li>Contribuir al aumento de la productividad en los mercados industriales<\/li>\n<li>Ayuda a mejorar el acceso al agua potable<\/li>\n<li>Contribuir al aumento de la productividad en los mercados industriales<\/li>\n<li>Permitir una producci\u00f3n local que ahorre energ\u00eda para el consumo local<\/li>\n<li>Ayuda a mitigar el cambio clim\u00e1tico<\/li>\n<li>Crear una sociedad resistente a las cat\u00e1strofes<\/li>\n<\/ul>\n<\/div>\n              <\/div>\n                                <\/div>\n              <div class=\"c-table__mobile-section\">\n          <div class=\"c-table__mobile-header\">Buscar innovaciones para ampliar el valor a\u00f1adido<\/div>\n                                                              <div class=\"c-table__mobile-row c-table__mobile-row--full-width\">\n                <div class=\"c-table__mobile-label o-rich-text__content\"><ul>\n<li>Desarrollar productos y servicios de alto valor a\u00f1adido<\/li>\n<li>Impulsar la innovaci\u00f3n mediante asociaciones en todo el mundo<\/li>\n<\/ul>\n<\/div>\n              <\/div>\n                                <\/div>\n          <\/div>\n  <\/div>\n  <div class=\"c-table l-container--full\">\n          <h2 class=\"c-table__title l-container--xl\">Retos clave en los fundamentos de la gesti\u00f3n<\/h2>\n        \n        <table class=\"c-table__table c-table__table--desktop l-container--xl a-fade\" x-data=\"fadeAnimation()\" :class=\"{ 'is-visible': visible }\">\n            \n      <tbody>\n                  <tr class=\"c-table__row\">\n            <th class=\"c-table__row-label o-rich-text__content\">Desarrollar los Recursos Humanos y crear un entorno que apoye las actividades de la empresa<\/th>\n                          <td class=\"c-table__cell o-rich-text__content\"><ul>\n<li>Desarrollar recursos humanos e ingenieros globales<\/li>\n<li>Promover la diversidad<\/li>\n<li>Crear un entorno de trabajo agradable<\/li>\n<\/ul>\n<\/td>\n                      <\/tr>\n                  <tr class=\"c-table__row\">\n            <th class=\"c-table__row-label o-rich-text__content\">Buscar innovaciones para ampliar el valor a\u00f1adido<\/th>\n                          <td class=\"c-table__cell o-rich-text__content\"><p>Garantizar altos niveles de gobierno corporativo y cumplimiento<\/p>\n<\/td>\n                      <\/tr>\n              <\/tbody>\n    <\/table>\n    \n        <div class=\"c-table__mobile\">\n              <div class=\"c-table__mobile-section\">\n          <div class=\"c-table__mobile-header\">Desarrollar los Recursos Humanos y crear un entorno que apoye las actividades de la empresa<\/div>\n                                                              <div class=\"c-table__mobile-row c-table__mobile-row--full-width\">\n                <div class=\"c-table__mobile-label o-rich-text__content\"><ul>\n<li>Desarrollar recursos humanos e ingenieros globales<\/li>\n<li>Promover la diversidad<\/li>\n<li>Crear un entorno de trabajo agradable<\/li>\n<\/ul>\n<\/div>\n              <\/div>\n                                <\/div>\n              <div class=\"c-table__mobile-section\">\n          <div class=\"c-table__mobile-header\">Buscar innovaciones para ampliar el valor a\u00f1adido<\/div>\n                                                              <div class=\"c-table__mobile-row c-table__mobile-row--full-width\">\n                <div class=\"c-table__mobile-label o-rich-text__content\"><p>Garantizar altos niveles de gobierno corporativo y cumplimiento<\/p>\n<\/div>\n              <\/div>\n                                <\/div>\n          <\/div>\n  <\/div>\n<section class=\"c-split-content l-container--full\" data-theme=\"light\">\n  <div class=\"c-split-content__container l-container--xl left\">\n    <div class=\"c-split-content__media a-fade\" x-data=\"fadeAnimation()\" :class=\"{ 'is-visible': visible }\">\n              <div class=\"o-image-responsive\" style=\"background-image: url(https:\/\/www.tmeic.com\/wp-content\/uploads\/2025\/05\/hero_slide_2.webp)\"><\/div>\n          <\/div>\n    <div class=\"c-split-content__content l-container--xxs a-fade\" x-data=\"fadeAnimation()\" :class=\"{ 'is-visible': visible }\">\n      <div class=\"inner-wrapper\">\n        \n<h3 class=\"\" data-theme=\"\">Modelo de negocio de TMEIC<\/h3>        <div><h5>Competencias<\/h5>\n<\/p>\n<ul>\n<li>Capacidades de ingenier\u00eda y tecnolog\u00eda de motores y electr\u00f3nica de potencia<\/li>\n<li>Capacidades de soluci\u00f3n basadas en un enfoque ascendente de la gesti\u00f3n<\/li>\n<li>Expandir el negocio bas\u00e1ndose en una red global (historial probado en m\u00e1s de 120 pa\u00edses)<\/li>\n<li>Activos empresariales acumulados durante 100 a\u00f1os (clientes, tecnolog\u00eda, etc.)<\/li>\n<li>Proporcionar ingenier\u00eda de soluciones que contribuya a la producci\u00f3n y gesti\u00f3n medioambiental de los clientes, as\u00ed como productos y sistemas de alta calidad que lo permitan.<\/li>\n<li>Proporcionar Productos y sistemas que ayuden a mejorar la productividad y reducir la carga medioambiental.\n<ul>\n<li>Soluciones de sistemas para la industria general, el acero, la pasta y el papel, la manipulaci\u00f3n de materiales y las energ\u00edas renovables.<\/li>\n<li>Electr\u00f3nica de potencia<\/li>\n<li>Maquinaria rotativa<\/li>\n<\/ul>\n<\/li>\n<\/ul>\n<p>&nbsp;<\/p>\n<\/div>\n              <\/div>\n          <\/div>\n  <\/div>\n<\/section>\n<div style=\"height:30px\" aria-hidden=\"true\" class=\"wp-block-spacer\"><\/div>\n\n<a href=\"https:\/\/tmeic.com\/wp-content\/uploads\/2025\/05\/Sustainability_report_eng.pdf\" target=\"_blank\" class=\"o-button\" data-theme=\"light\" style=\"justify-self: center; border: 1px solid\">\n    <span data-text=\"View the 2024 Sustainability Report\">Ver el Informe de Sostenibilidad 2024<\/span>\n          <span class=\"o-icon \">\n  <svg xmlns=\"http:\/\/www.w3.org\/2000\/svg\" width=\"18\" height=\"13\" viewbox=\"0 0 18 13\" fill=\"none\">\n  <path d=\"M15.7929 7H0V6H15.7929L10.6464 0.853591L11.3536 0.146484L17.7071 6.50004L11.3536 12.8536L10.6464 12.1465L15.7929 7Z\" fill=\"currentColor\"><\/path>\n<\/svg>\n<\/span><\/a>\n\n<div style=\"height:40px\" aria-hidden=\"true\" class=\"wp-block-spacer\"><\/div>\n","protected":false},"excerpt":{"rendered":"<p>Ver el Informe de Sostenibilidad 2024 Ver el Informe de Sostenibilidad 2024<\/p>\n","protected":false},"author":7,"featured_media":0,"parent":0,"menu_order":0,"comment_status":"closed","ping_status":"closed","template":"","meta":{"_acf_changed":false,"footnotes":""},"groups":[220],"class_list":["post-2876","page","type-page","status-publish","hentry","groups-sustainability-es"],"acf":[],"yoast_head":"<!-- This site is optimized with the Yoast SEO plugin v25.7 - https:\/\/yoast.com\/wordpress\/plugins\/seo\/ -->\n<title>Sostenibilidad - TMEIC<\/title>\n<meta name=\"robots\" content=\"index, follow, max-snippet:-1, max-image-preview:large, max-video-preview:-1\" \/>\n<link rel=\"canonical\" href=\"https:\/\/www.tmeic.com\/es\/csr-and-sdg-initiatives\/\" \/>\n<meta property=\"og:locale\" content=\"es_ES\" \/>\n<meta property=\"og:type\" content=\"article\" \/>\n<meta property=\"og:title\" content=\"Sostenibilidad - TMEIC\" \/>\n<meta property=\"og:description\" content=\"Ver el Informe de Sostenibilidad 2024 Ver el Informe de Sostenibilidad 2024\" \/>\n<meta property=\"og:url\" content=\"https:\/\/www.tmeic.com\/es\/csr-and-sdg-initiatives\/\" \/>\n<meta property=\"og:site_name\" content=\"TMEIC\" \/>\n<meta property=\"article:modified_time\" content=\"2025-05-21T00:04:36+00:00\" \/>\n<meta property=\"og:image\" content=\"https:\/\/tmeic.com\/wp-content\/uploads\/2025\/05\/image-9-1.png\" \/>\n<meta name=\"twitter:card\" content=\"summary_large_image\" \/>\n<script type=\"application\/ld+json\" class=\"yoast-schema-graph\">{\"@context\":\"https:\/\/schema.org\",\"@graph\":[{\"@type\":\"WebPage\",\"@id\":\"https:\/\/www.tmeic.com\/es\/csr-and-sdg-initiatives\/\",\"url\":\"https:\/\/www.tmeic.com\/es\/csr-and-sdg-initiatives\/\",\"name\":\"Sostenibilidad - TMEIC\",\"isPartOf\":{\"@id\":\"https:\/\/www.tmeic.com\/zh-hans\/#website\"},\"primaryImageOfPage\":{\"@id\":\"https:\/\/www.tmeic.com\/es\/csr-and-sdg-initiatives\/#primaryimage\"},\"image\":{\"@id\":\"https:\/\/www.tmeic.com\/es\/csr-and-sdg-initiatives\/#primaryimage\"},\"thumbnailUrl\":\"https:\/\/tmeic.com\/wp-content\/uploads\/2025\/05\/image-9-1.png\",\"datePublished\":\"2025-05-18T17:50:56+00:00\",\"dateModified\":\"2025-05-21T00:04:36+00:00\",\"breadcrumb\":{\"@id\":\"https:\/\/www.tmeic.com\/es\/csr-and-sdg-initiatives\/#breadcrumb\"},\"inLanguage\":\"es\",\"potentialAction\":[{\"@type\":\"ReadAction\",\"target\":[\"https:\/\/www.tmeic.com\/es\/csr-and-sdg-initiatives\/\"]}]},{\"@type\":\"ImageObject\",\"inLanguage\":\"es\",\"@id\":\"https:\/\/www.tmeic.com\/es\/csr-and-sdg-initiatives\/#primaryimage\",\"url\":\"https:\/\/tmeic.com\/wp-content\/uploads\/2025\/05\/image-9-1.png\",\"contentUrl\":\"https:\/\/tmeic.com\/wp-content\/uploads\/2025\/05\/image-9-1.png\"},{\"@type\":\"BreadcrumbList\",\"@id\":\"https:\/\/www.tmeic.com\/es\/csr-and-sdg-initiatives\/#breadcrumb\",\"itemListElement\":[{\"@type\":\"ListItem\",\"position\":1,\"name\":\"Home\",\"item\":\"https:\/\/tmeic.com\/es\/\"},{\"@type\":\"ListItem\",\"position\":2,\"name\":\"Sostenibilidad\"}]},{\"@type\":\"WebSite\",\"@id\":\"https:\/\/www.tmeic.com\/zh-hans\/#website\",\"url\":\"https:\/\/www.tmeic.com\/zh-hans\/\",\"name\":\"TMEIC\",\"description\":\"\",\"potentialAction\":[{\"@type\":\"SearchAction\",\"target\":{\"@type\":\"EntryPoint\",\"urlTemplate\":\"https:\/\/www.tmeic.com\/zh-hans\/?s={search_term_string}\"},\"query-input\":{\"@type\":\"PropertyValueSpecification\",\"valueRequired\":true,\"valueName\":\"search_term_string\"}}],\"inLanguage\":\"es\"}]}<\/script>\n<!-- \/ Yoast SEO plugin. -->","yoast_head_json":{"title":"Sostenibilidad - TMEIC","robots":{"index":"index","follow":"follow","max-snippet":"max-snippet:-1","max-image-preview":"max-image-preview:large","max-video-preview":"max-video-preview:-1"},"canonical":"https:\/\/www.tmeic.com\/es\/csr-and-sdg-initiatives\/","og_locale":"es_ES","og_type":"article","og_title":"Sostenibilidad - TMEIC","og_description":"Ver el Informe de Sostenibilidad 2024 Ver el Informe de Sostenibilidad 2024","og_url":"https:\/\/www.tmeic.com\/es\/csr-and-sdg-initiatives\/","og_site_name":"TMEIC","article_modified_time":"2025-05-21T00:04:36+00:00","og_image":[{"url":"https:\/\/tmeic.com\/wp-content\/uploads\/2025\/05\/image-9-1.png","type":"","width":"","height":""}],"twitter_card":"summary_large_image","schema":{"@context":"https:\/\/schema.org","@graph":[{"@type":"WebPage","@id":"https:\/\/www.tmeic.com\/es\/csr-and-sdg-initiatives\/","url":"https:\/\/www.tmeic.com\/es\/csr-and-sdg-initiatives\/","name":"Sostenibilidad - TMEIC","isPartOf":{"@id":"https:\/\/www.tmeic.com\/zh-hans\/#website"},"primaryImageOfPage":{"@id":"https:\/\/www.tmeic.com\/es\/csr-and-sdg-initiatives\/#primaryimage"},"image":{"@id":"https:\/\/www.tmeic.com\/es\/csr-and-sdg-initiatives\/#primaryimage"},"thumbnailUrl":"https:\/\/tmeic.com\/wp-content\/uploads\/2025\/05\/image-9-1.png","datePublished":"2025-05-18T17:50:56+00:00","dateModified":"2025-05-21T00:04:36+00:00","breadcrumb":{"@id":"https:\/\/www.tmeic.com\/es\/csr-and-sdg-initiatives\/#breadcrumb"},"inLanguage":"es","potentialAction":[{"@type":"ReadAction","target":["https:\/\/www.tmeic.com\/es\/csr-and-sdg-initiatives\/"]}]},{"@type":"ImageObject","inLanguage":"es","@id":"https:\/\/www.tmeic.com\/es\/csr-and-sdg-initiatives\/#primaryimage","url":"https:\/\/tmeic.com\/wp-content\/uploads\/2025\/05\/image-9-1.png","contentUrl":"https:\/\/tmeic.com\/wp-content\/uploads\/2025\/05\/image-9-1.png"},{"@type":"BreadcrumbList","@id":"https:\/\/www.tmeic.com\/es\/csr-and-sdg-initiatives\/#breadcrumb","itemListElement":[{"@type":"ListItem","position":1,"name":"Home","item":"https:\/\/tmeic.com\/es\/"},{"@type":"ListItem","position":2,"name":"Sostenibilidad"}]},{"@type":"WebSite","@id":"https:\/\/www.tmeic.com\/zh-hans\/#website","url":"https:\/\/www.tmeic.com\/zh-hans\/","name":"TMEIC","description":"","potentialAction":[{"@type":"SearchAction","target":{"@type":"EntryPoint","urlTemplate":"https:\/\/www.tmeic.com\/zh-hans\/?s={search_term_string}"},"query-input":{"@type":"PropertyValueSpecification","valueRequired":true,"valueName":"search_term_string"}}],"inLanguage":"es"}]}},"_links":{"self":[{"href":"https:\/\/www.tmeic.com\/es\/wp-json\/wp\/v2\/pages\/2876","targetHints":{"allow":["GET"]}}],"collection":[{"href":"https:\/\/www.tmeic.com\/es\/wp-json\/wp\/v2\/pages"}],"about":[{"href":"https:\/\/www.tmeic.com\/es\/wp-json\/wp\/v2\/types\/page"}],"author":[{"embeddable":true,"href":"https:\/\/www.tmeic.com\/es\/wp-json\/wp\/v2\/users\/7"}],"replies":[{"embeddable":true,"href":"https:\/\/www.tmeic.com\/es\/wp-json\/wp\/v2\/comments?post=2876"}],"version-history":[{"count":3,"href":"https:\/\/www.tmeic.com\/es\/wp-json\/wp\/v2\/pages\/2876\/revisions"}],"predecessor-version":[{"id":5217,"href":"https:\/\/www.tmeic.com\/es\/wp-json\/wp\/v2\/pages\/2876\/revisions\/5217"}],"wp:attachment":[{"href":"https:\/\/www.tmeic.com\/es\/wp-json\/wp\/v2\/media?parent=2876"}],"wp:term":[{"taxonomy":"groups","embeddable":true,"href":"https:\/\/www.tmeic.com\/es\/wp-json\/wp\/v2\/groups?post=2876"}],"curies":[{"name":"wp","href":"https:\/\/api.w.org\/{rel}","templated":true}]}}