  {"id":2889,"date":"2025-05-19T23:33:18","date_gmt":"2025-05-19T23:33:18","guid":{"rendered":"https:\/\/tmeic.com\/?page_id=2889"},"modified":"2025-05-20T23:56:20","modified_gmt":"2025-05-20T23:56:20","slug":"uso-de-cookies-y-herramientas-de-analisis-de-acceso","status":"publish","type":"page","link":"https:\/\/www.tmeic.com\/es\/uso-de-cookies-y-herramientas-de-analisis-de-acceso\/","title":{"rendered":"Uso de cookies y herramientas de an\u00e1lisis de acceso"},"content":{"rendered":"\n<p>Este sitio web utiliza cookies para ayudarnos a ofrecer a los usuarios una visualizaci\u00f3n \u00f3ptima del sitio web y para orientar adecuadamente la publicidad. A veces tambi\u00e9n empleamos herramientas de an\u00e1lisis de acceso y tecnolog\u00edas similares para recabar informaci\u00f3n sobre el tr\u00e1fico del sitio web. <\/p>\n\n<p><strong>1) \u00bfQu\u00e9 son las cookies?<\/strong><\/p>\n\n<p>Las cookies son peque\u00f1os archivos de datos que se env\u00edan desde el servidor cuando un usuario visita un sitio web, y que se almacenan en el ordenador o terminal del usuario. Las cookies y las herramientas de an\u00e1lisis de acceso y tecnolog\u00edas similares nos permiten identificar el ordenador o terminal de un usuario cuando \u00e9ste visita el sitio, y recopilar datos como el historial de visitas del usuario. Estos datos no incluyen ninguna informaci\u00f3n que permita identificar al usuario individual.  <\/p>\n\n<p><strong>2) Acerca de Google Analytics<\/strong><\/p>\n\n<p>Este sitio web utiliza Google Analytics como herramienta para recopilar y analizar registros de acceso, con el fin de aumentar la comodidad del usuario y mejorar el sitio web. Google Analytics utiliza cookies para recopilar registros. Estos registros no contienen ning\u00fan dato que permita identificar a usuarios individuales. Los registros recopilados se almacenan de acuerdo con la pol\u00edtica de privacidad de Google.   <\/p>\n\n<p>Haz clic en los enlaces siguientes para obtener m\u00e1s informaci\u00f3n sobre Google Analytics y la pol\u00edtica de privacidad de Google.<\/p>\n\n<ul class=\"wp-block-list\">\n<li><a href=\"http:\/\/www.google.com\/intl\/en\/analytics\/\" target=\"_blank\" rel=\"noreferrer noopener\">Google Analytics<\/a><\/li>\n\n\n\n<li><a href=\"http:\/\/www.google.com\/intl\/en\/policies\/privacy\/\" target=\"_blank\" rel=\"noreferrer noopener\">Pol\u00edtica de privacidad de Google<\/a><\/li>\n<\/ul>\n\n<p><strong>3) Si no est\u00e1s de acuerdo con el uso de cookies<\/strong><\/p>\n\n<p>Si no quieres que utilicemos cookies, puedes cambiar la configuraci\u00f3n de tu navegador web para que rechace las cookies. Sin embargo, ten en cuenta que esto puede impedirte hacer uso de algunos de los servicios disponibles en nuestro sitio web. <\/p>\n\n<p>Las empresas de publicidad empleadas por TMEIC tambi\u00e9n pueden utilizar cookies de terceros para recopilar informaci\u00f3n sobre las p\u00e1ginas vistas por los usuarios. Bas\u00e1ndose en esta informaci\u00f3n, es posible que se muestren anuncios de productos de TMEIC cuando un usuario visite otros sitios web. Si no deseas que tu informaci\u00f3n se utilice con este fin, tambi\u00e9n puedes cambiar la configuraci\u00f3n de tu navegador para rechazar las cookies de terceros.  <\/p>\n","protected":false},"excerpt":{"rendered":"<p>Este sitio web utiliza cookies para ayudarnos a ofrecer a los usuarios una visualizaci\u00f3n \u00f3ptima del sitio web y para orientar adecuadamente la publicidad. A veces tambi\u00e9n empleamos herramientas de an\u00e1lisis de acceso y tecnolog\u00edas similares para recabar informaci\u00f3n sobre el tr\u00e1fico del sitio web. 1) \u00bfQu\u00e9 son las cookies? Las cookies son peque\u00f1os archivos [&hellip;]<\/p>\n","protected":false},"author":7,"featured_media":0,"parent":0,"menu_order":0,"comment_status":"closed","ping_status":"closed","template":"","meta":{"_acf_changed":false,"footnotes":""},"groups":[216],"class_list":["post-2889","page","type-page","status-publish","hentry","groups-footer-es"],"acf":[],"yoast_head":"<!-- This site is optimized with the Yoast SEO plugin v25.7 - https:\/\/yoast.com\/wordpress\/plugins\/seo\/ -->\n<title>Uso de cookies y herramientas de an\u00e1lisis de acceso - TMEIC<\/title>\n<meta name=\"robots\" content=\"index, follow, max-snippet:-1, max-image-preview:large, max-video-preview:-1\" \/>\n<link rel=\"canonical\" href=\"https:\/\/live-tmeic.pantheonsite.io\/es\/uso-de-cookies-y-herramientas-de-analisis-de-acceso\/\" \/>\n<meta property=\"og:locale\" content=\"es_ES\" \/>\n<meta property=\"og:type\" content=\"article\" \/>\n<meta property=\"og:title\" content=\"Uso de cookies y herramientas de an\u00e1lisis de acceso - TMEIC\" \/>\n<meta property=\"og:description\" content=\"Este sitio web utiliza cookies para ayudarnos a ofrecer a los usuarios una visualizaci\u00f3n \u00f3ptima del sitio web y para orientar adecuadamente la publicidad. A veces tambi\u00e9n empleamos herramientas de an\u00e1lisis de acceso y tecnolog\u00edas similares para recabar informaci\u00f3n sobre el tr\u00e1fico del sitio web. 1) \u00bfQu\u00e9 son las cookies? Las cookies son peque\u00f1os archivos [&hellip;]\" \/>\n<meta property=\"og:url\" content=\"https:\/\/live-tmeic.pantheonsite.io\/es\/uso-de-cookies-y-herramientas-de-analisis-de-acceso\/\" \/>\n<meta property=\"og:site_name\" content=\"TMEIC\" \/>\n<meta property=\"article:modified_time\" content=\"2025-05-20T23:56:20+00:00\" \/>\n<meta name=\"twitter:card\" content=\"summary_large_image\" \/>\n<meta name=\"twitter:label1\" content=\"Est. reading time\" \/>\n\t<meta name=\"twitter:data1\" content=\"2 minutos\" \/>\n<script type=\"application\/ld+json\" class=\"yoast-schema-graph\">{\"@context\":\"https:\/\/schema.org\",\"@graph\":[{\"@type\":\"WebPage\",\"@id\":\"https:\/\/live-tmeic.pantheonsite.io\/es\/uso-de-cookies-y-herramientas-de-analisis-de-acceso\/\",\"url\":\"https:\/\/live-tmeic.pantheonsite.io\/es\/uso-de-cookies-y-herramientas-de-analisis-de-acceso\/\",\"name\":\"Uso de cookies y herramientas de an\u00e1lisis de acceso - TMEIC\",\"isPartOf\":{\"@id\":\"https:\/\/www.tmeic.com\/zh-hans\/#website\"},\"datePublished\":\"2025-05-19T23:33:18+00:00\",\"dateModified\":\"2025-05-20T23:56:20+00:00\",\"breadcrumb\":{\"@id\":\"https:\/\/live-tmeic.pantheonsite.io\/es\/uso-de-cookies-y-herramientas-de-analisis-de-acceso\/#breadcrumb\"},\"inLanguage\":\"es\",\"potentialAction\":[{\"@type\":\"ReadAction\",\"target\":[\"https:\/\/live-tmeic.pantheonsite.io\/es\/uso-de-cookies-y-herramientas-de-analisis-de-acceso\/\"]}]},{\"@type\":\"BreadcrumbList\",\"@id\":\"https:\/\/live-tmeic.pantheonsite.io\/es\/uso-de-cookies-y-herramientas-de-analisis-de-acceso\/#breadcrumb\",\"itemListElement\":[{\"@type\":\"ListItem\",\"position\":1,\"name\":\"Home\",\"item\":\"https:\/\/tmeic.com\/es\/\"},{\"@type\":\"ListItem\",\"position\":2,\"name\":\"Uso de cookies y herramientas de an\u00e1lisis de acceso\"}]},{\"@type\":\"WebSite\",\"@id\":\"https:\/\/www.tmeic.com\/zh-hans\/#website\",\"url\":\"https:\/\/www.tmeic.com\/zh-hans\/\",\"name\":\"TMEIC\",\"description\":\"\",\"potentialAction\":[{\"@type\":\"SearchAction\",\"target\":{\"@type\":\"EntryPoint\",\"urlTemplate\":\"https:\/\/www.tmeic.com\/zh-hans\/?s={search_term_string}\"},\"query-input\":{\"@type\":\"PropertyValueSpecification\",\"valueRequired\":true,\"valueName\":\"search_term_string\"}}],\"inLanguage\":\"es\"}]}<\/script>\n<!-- \/ Yoast SEO plugin. -->","yoast_head_json":{"title":"Uso de cookies y herramientas de an\u00e1lisis de acceso - TMEIC","robots":{"index":"index","follow":"follow","max-snippet":"max-snippet:-1","max-image-preview":"max-image-preview:large","max-video-preview":"max-video-preview:-1"},"canonical":"https:\/\/live-tmeic.pantheonsite.io\/es\/uso-de-cookies-y-herramientas-de-analisis-de-acceso\/","og_locale":"es_ES","og_type":"article","og_title":"Uso de cookies y herramientas de an\u00e1lisis de acceso - TMEIC","og_description":"Este sitio web utiliza cookies para ayudarnos a ofrecer a los usuarios una visualizaci\u00f3n \u00f3ptima del sitio web y para orientar adecuadamente la publicidad. A veces tambi\u00e9n empleamos herramientas de an\u00e1lisis de acceso y tecnolog\u00edas similares para recabar informaci\u00f3n sobre el tr\u00e1fico del sitio web. 1) \u00bfQu\u00e9 son las cookies? Las cookies son peque\u00f1os archivos [&hellip;]","og_url":"https:\/\/live-tmeic.pantheonsite.io\/es\/uso-de-cookies-y-herramientas-de-analisis-de-acceso\/","og_site_name":"TMEIC","article_modified_time":"2025-05-20T23:56:20+00:00","twitter_card":"summary_large_image","twitter_misc":{"Est. reading time":"2 minutos"},"schema":{"@context":"https:\/\/schema.org","@graph":[{"@type":"WebPage","@id":"https:\/\/live-tmeic.pantheonsite.io\/es\/uso-de-cookies-y-herramientas-de-analisis-de-acceso\/","url":"https:\/\/live-tmeic.pantheonsite.io\/es\/uso-de-cookies-y-herramientas-de-analisis-de-acceso\/","name":"Uso de cookies y herramientas de an\u00e1lisis de acceso - TMEIC","isPartOf":{"@id":"https:\/\/www.tmeic.com\/zh-hans\/#website"},"datePublished":"2025-05-19T23:33:18+00:00","dateModified":"2025-05-20T23:56:20+00:00","breadcrumb":{"@id":"https:\/\/live-tmeic.pantheonsite.io\/es\/uso-de-cookies-y-herramientas-de-analisis-de-acceso\/#breadcrumb"},"inLanguage":"es","potentialAction":[{"@type":"ReadAction","target":["https:\/\/live-tmeic.pantheonsite.io\/es\/uso-de-cookies-y-herramientas-de-analisis-de-acceso\/"]}]},{"@type":"BreadcrumbList","@id":"https:\/\/live-tmeic.pantheonsite.io\/es\/uso-de-cookies-y-herramientas-de-analisis-de-acceso\/#breadcrumb","itemListElement":[{"@type":"ListItem","position":1,"name":"Home","item":"https:\/\/tmeic.com\/es\/"},{"@type":"ListItem","position":2,"name":"Uso de cookies y herramientas de an\u00e1lisis de acceso"}]},{"@type":"WebSite","@id":"https:\/\/www.tmeic.com\/zh-hans\/#website","url":"https:\/\/www.tmeic.com\/zh-hans\/","name":"TMEIC","description":"","potentialAction":[{"@type":"SearchAction","target":{"@type":"EntryPoint","urlTemplate":"https:\/\/www.tmeic.com\/zh-hans\/?s={search_term_string}"},"query-input":{"@type":"PropertyValueSpecification","valueRequired":true,"valueName":"search_term_string"}}],"inLanguage":"es"}]}},"_links":{"self":[{"href":"https:\/\/www.tmeic.com\/es\/wp-json\/wp\/v2\/pages\/2889","targetHints":{"allow":["GET"]}}],"collection":[{"href":"https:\/\/www.tmeic.com\/es\/wp-json\/wp\/v2\/pages"}],"about":[{"href":"https:\/\/www.tmeic.com\/es\/wp-json\/wp\/v2\/types\/page"}],"author":[{"embeddable":true,"href":"https:\/\/www.tmeic.com\/es\/wp-json\/wp\/v2\/users\/7"}],"replies":[{"embeddable":true,"href":"https:\/\/www.tmeic.com\/es\/wp-json\/wp\/v2\/comments?post=2889"}],"version-history":[{"count":3,"href":"https:\/\/www.tmeic.com\/es\/wp-json\/wp\/v2\/pages\/2889\/revisions"}],"predecessor-version":[{"id":5701,"href":"https:\/\/www.tmeic.com\/es\/wp-json\/wp\/v2\/pages\/2889\/revisions\/5701"}],"wp:attachment":[{"href":"https:\/\/www.tmeic.com\/es\/wp-json\/wp\/v2\/media?parent=2889"}],"wp:term":[{"taxonomy":"groups","embeddable":true,"href":"https:\/\/www.tmeic.com\/es\/wp-json\/wp\/v2\/groups?post=2889"}],"curies":[{"name":"wp","href":"https:\/\/api.w.org\/{rel}","templated":true}]}}