  {"id":5434,"date":"2025-05-16T22:36:53","date_gmt":"2025-05-16T22:36:53","guid":{"rendered":"https:\/\/tmeic.com\/products\/controlador-de-planta-de-generacion-de-energia\/"},"modified":"2025-05-27T14:02:29","modified_gmt":"2025-05-27T14:02:29","slug":"controlador-de-planta-de-generacion-de-energia","status":"publish","type":"product","link":"https:\/\/www.tmeic.com\/es\/products\/controlador-de-planta-de-generacion-de-energia\/","title":{"rendered":"Controlador de planta de generaci\u00f3n de energ\u00eda"},"content":{"rendered":"<p><span class=\"TextRun SCXW158605026 BCX0\" lang=\"EN-US\" data-contrast=\"none\" xml:lang=\"EN-US\"><span class=\"NormalTextRun SCXW158605026 BCX0\">Gesti\u00f3n centralizada de todo el sistema de plantas fotovoltaicas.<\/span><\/span><\/p>\n","protected":false},"featured_media":8606,"parent":0,"menu_order":0,"template":"","meta":{"_acf_changed":false,"footnotes":""},"product_category":[159],"product_region":[],"class_list":["post-5434","product","type-product","status-publish","has-post-thumbnail","hentry","product_category-controllers-es"],"acf":{"hero_type":"simple","theme":"dark","subheading":"","certifications":null,"downloadable_resources":null},"yoast_head":"<!-- This site is optimized with the Yoast SEO plugin v25.7 - https:\/\/yoast.com\/wordpress\/plugins\/seo\/ -->\n<title>Controlador de planta de generaci\u00f3n de energ\u00eda - TMEIC<\/title>\n<meta name=\"robots\" content=\"index, follow, max-snippet:-1, max-image-preview:large, max-video-preview:-1\" \/>\n<link rel=\"canonical\" href=\"https:\/\/tmeic.com\/es\/products\/controlador-de-planta-de-generacion-de-energia\/\" \/>\n<meta property=\"og:locale\" content=\"es_ES\" \/>\n<meta property=\"og:type\" content=\"article\" \/>\n<meta property=\"og:title\" content=\"Controlador de planta de generaci\u00f3n de energ\u00eda - TMEIC\" \/>\n<meta property=\"og:description\" content=\"Gesti\u00f3n centralizada de todo el sistema de plantas fotovoltaicas.\" \/>\n<meta property=\"og:url\" content=\"https:\/\/tmeic.com\/es\/products\/controlador-de-planta-de-generacion-de-energia\/\" \/>\n<meta property=\"og:site_name\" content=\"TMEIC\" \/>\n<meta property=\"article:modified_time\" content=\"2025-05-27T14:02:29+00:00\" \/>\n<meta property=\"og:image\" content=\"https:\/\/tmeic.com\/wp-content\/uploads\/2025\/05\/Solar-Ware-Power-Plant-Controller.png\" \/>\n\t<meta property=\"og:image:width\" content=\"808\" \/>\n\t<meta property=\"og:image:height\" content=\"614\" \/>\n\t<meta property=\"og:image:type\" content=\"image\/png\" \/>\n<meta name=\"twitter:card\" content=\"summary_large_image\" \/>\n<script type=\"application\/ld+json\" class=\"yoast-schema-graph\">{\"@context\":\"https:\/\/schema.org\",\"@graph\":[{\"@type\":\"WebPage\",\"@id\":\"https:\/\/tmeic.com\/es\/products\/controlador-de-planta-de-generacion-de-energia\/\",\"url\":\"https:\/\/tmeic.com\/es\/products\/controlador-de-planta-de-generacion-de-energia\/\",\"name\":\"Controlador de planta de generaci\u00f3n de energ\u00eda - TMEIC\",\"isPartOf\":{\"@id\":\"https:\/\/www.tmeic.com\/zh-hans\/#website\"},\"primaryImageOfPage\":{\"@id\":\"https:\/\/tmeic.com\/es\/products\/controlador-de-planta-de-generacion-de-energia\/#primaryimage\"},\"image\":{\"@id\":\"https:\/\/tmeic.com\/es\/products\/controlador-de-planta-de-generacion-de-energia\/#primaryimage\"},\"thumbnailUrl\":\"https:\/\/www.tmeic.com\/wp-content\/uploads\/2025\/05\/Solar-Ware-Power-Plant-Controller.png\",\"datePublished\":\"2025-05-16T22:36:53+00:00\",\"dateModified\":\"2025-05-27T14:02:29+00:00\",\"breadcrumb\":{\"@id\":\"https:\/\/tmeic.com\/es\/products\/controlador-de-planta-de-generacion-de-energia\/#breadcrumb\"},\"inLanguage\":\"es\",\"potentialAction\":[{\"@type\":\"ReadAction\",\"target\":[\"https:\/\/tmeic.com\/es\/products\/controlador-de-planta-de-generacion-de-energia\/\"]}]},{\"@type\":\"ImageObject\",\"inLanguage\":\"es\",\"@id\":\"https:\/\/tmeic.com\/es\/products\/controlador-de-planta-de-generacion-de-energia\/#primaryimage\",\"url\":\"https:\/\/www.tmeic.com\/wp-content\/uploads\/2025\/05\/Solar-Ware-Power-Plant-Controller.png\",\"contentUrl\":\"https:\/\/www.tmeic.com\/wp-content\/uploads\/2025\/05\/Solar-Ware-Power-Plant-Controller.png\",\"width\":808,\"height\":614,\"caption\":\"Solar Ware Power Plant Controller\"},{\"@type\":\"BreadcrumbList\",\"@id\":\"https:\/\/tmeic.com\/es\/products\/controlador-de-planta-de-generacion-de-energia\/#breadcrumb\",\"itemListElement\":[{\"@type\":\"ListItem\",\"position\":1,\"name\":\"Home\",\"item\":\"https:\/\/tmeic.com\/es\/\"},{\"@type\":\"ListItem\",\"position\":2,\"name\":\"Products\",\"item\":\"https:\/\/www.tmeic.com\/products\/\"},{\"@type\":\"ListItem\",\"position\":3,\"name\":\"Controlador de planta de generaci\u00f3n de energ\u00eda\"}]},{\"@type\":\"WebSite\",\"@id\":\"https:\/\/www.tmeic.com\/zh-hans\/#website\",\"url\":\"https:\/\/www.tmeic.com\/zh-hans\/\",\"name\":\"TMEIC\",\"description\":\"\",\"potentialAction\":[{\"@type\":\"SearchAction\",\"target\":{\"@type\":\"EntryPoint\",\"urlTemplate\":\"https:\/\/www.tmeic.com\/zh-hans\/?s={search_term_string}\"},\"query-input\":{\"@type\":\"PropertyValueSpecification\",\"valueRequired\":true,\"valueName\":\"search_term_string\"}}],\"inLanguage\":\"es\"}]}<\/script>\n<!-- \/ Yoast SEO plugin. -->","yoast_head_json":{"title":"Controlador de planta de generaci\u00f3n de energ\u00eda - TMEIC","robots":{"index":"index","follow":"follow","max-snippet":"max-snippet:-1","max-image-preview":"max-image-preview:large","max-video-preview":"max-video-preview:-1"},"canonical":"https:\/\/tmeic.com\/es\/products\/controlador-de-planta-de-generacion-de-energia\/","og_locale":"es_ES","og_type":"article","og_title":"Controlador de planta de generaci\u00f3n de energ\u00eda - TMEIC","og_description":"Gesti\u00f3n centralizada de todo el sistema de plantas fotovoltaicas.","og_url":"https:\/\/tmeic.com\/es\/products\/controlador-de-planta-de-generacion-de-energia\/","og_site_name":"TMEIC","article_modified_time":"2025-05-27T14:02:29+00:00","og_image":[{"width":808,"height":614,"url":"https:\/\/tmeic.com\/wp-content\/uploads\/2025\/05\/Solar-Ware-Power-Plant-Controller.png","type":"image\/png"}],"twitter_card":"summary_large_image","schema":{"@context":"https:\/\/schema.org","@graph":[{"@type":"WebPage","@id":"https:\/\/tmeic.com\/es\/products\/controlador-de-planta-de-generacion-de-energia\/","url":"https:\/\/tmeic.com\/es\/products\/controlador-de-planta-de-generacion-de-energia\/","name":"Controlador de planta de generaci\u00f3n de energ\u00eda - TMEIC","isPartOf":{"@id":"https:\/\/www.tmeic.com\/zh-hans\/#website"},"primaryImageOfPage":{"@id":"https:\/\/tmeic.com\/es\/products\/controlador-de-planta-de-generacion-de-energia\/#primaryimage"},"image":{"@id":"https:\/\/tmeic.com\/es\/products\/controlador-de-planta-de-generacion-de-energia\/#primaryimage"},"thumbnailUrl":"https:\/\/www.tmeic.com\/wp-content\/uploads\/2025\/05\/Solar-Ware-Power-Plant-Controller.png","datePublished":"2025-05-16T22:36:53+00:00","dateModified":"2025-05-27T14:02:29+00:00","breadcrumb":{"@id":"https:\/\/tmeic.com\/es\/products\/controlador-de-planta-de-generacion-de-energia\/#breadcrumb"},"inLanguage":"es","potentialAction":[{"@type":"ReadAction","target":["https:\/\/tmeic.com\/es\/products\/controlador-de-planta-de-generacion-de-energia\/"]}]},{"@type":"ImageObject","inLanguage":"es","@id":"https:\/\/tmeic.com\/es\/products\/controlador-de-planta-de-generacion-de-energia\/#primaryimage","url":"https:\/\/www.tmeic.com\/wp-content\/uploads\/2025\/05\/Solar-Ware-Power-Plant-Controller.png","contentUrl":"https:\/\/www.tmeic.com\/wp-content\/uploads\/2025\/05\/Solar-Ware-Power-Plant-Controller.png","width":808,"height":614,"caption":"Solar Ware Power Plant Controller"},{"@type":"BreadcrumbList","@id":"https:\/\/tmeic.com\/es\/products\/controlador-de-planta-de-generacion-de-energia\/#breadcrumb","itemListElement":[{"@type":"ListItem","position":1,"name":"Home","item":"https:\/\/tmeic.com\/es\/"},{"@type":"ListItem","position":2,"name":"Products","item":"https:\/\/www.tmeic.com\/products\/"},{"@type":"ListItem","position":3,"name":"Controlador de planta de generaci\u00f3n de energ\u00eda"}]},{"@type":"WebSite","@id":"https:\/\/www.tmeic.com\/zh-hans\/#website","url":"https:\/\/www.tmeic.com\/zh-hans\/","name":"TMEIC","description":"","potentialAction":[{"@type":"SearchAction","target":{"@type":"EntryPoint","urlTemplate":"https:\/\/www.tmeic.com\/zh-hans\/?s={search_term_string}"},"query-input":{"@type":"PropertyValueSpecification","valueRequired":true,"valueName":"search_term_string"}}],"inLanguage":"es"}]}},"_links":{"self":[{"href":"https:\/\/www.tmeic.com\/es\/wp-json\/wp\/v2\/product\/5434","targetHints":{"allow":["GET"]}}],"collection":[{"href":"https:\/\/www.tmeic.com\/es\/wp-json\/wp\/v2\/product"}],"about":[{"href":"https:\/\/www.tmeic.com\/es\/wp-json\/wp\/v2\/types\/product"}],"version-history":[{"count":1,"href":"https:\/\/www.tmeic.com\/es\/wp-json\/wp\/v2\/product\/5434\/revisions"}],"predecessor-version":[{"id":6533,"href":"https:\/\/www.tmeic.com\/es\/wp-json\/wp\/v2\/product\/5434\/revisions\/6533"}],"wp:featuredmedia":[{"embeddable":true,"href":"https:\/\/www.tmeic.com\/es\/wp-json\/wp\/v2\/media\/8606"}],"wp:attachment":[{"href":"https:\/\/www.tmeic.com\/es\/wp-json\/wp\/v2\/media?parent=5434"}],"wp:term":[{"taxonomy":"product_category","embeddable":true,"href":"https:\/\/www.tmeic.com\/es\/wp-json\/wp\/v2\/product_category?post=5434"},{"taxonomy":"product_region","embeddable":true,"href":"https:\/\/www.tmeic.com\/es\/wp-json\/wp\/v2\/product_region?post=5434"}],"curies":[{"name":"wp","href":"https:\/\/api.w.org\/{rel}","templated":true}]}}